{"id":6157,"date":"2025-05-22T11:44:12","date_gmt":"2025-05-22T08:44:12","guid":{"rendered":"https:\/\/hudutech.com\/?page_id=6157"},"modified":"2025-05-22T11:44:22","modified_gmt":"2025-05-22T08:44:22","slug":"faq","status":"publish","type":"page","link":"https:\/\/hudutech.com\/fr\/faq\/","title":{"rendered":"FAQ"},"content":{"rendered":"","protected":false},"excerpt":{"rendered":"<p>D\u00e9couvrez tout ce que vous devez savoir sur WordPress gr\u00e2ce \u00e0 notre page FAQ. Qu'il s'agisse de r\u00e9soudre des probl\u00e8mes courants ou d'apprendre \u00e0 personnaliser votre site web, notre section FAQ est votre ressource ultime pour tout ce qui concerne WordPress. Notre page FAQ, compl\u00e8te et facile \u00e0 consulter, couvre tous les sujets, des plugins aux th\u00e8mes en passant par la s\u00e9curit\u00e9 et les mises \u00e0 jour. Obtenez des r\u00e9ponses \u00e0 toutes vos questions br\u00fblantes et faites passer votre site web \u00e0 la vitesse sup\u00e9rieure gr\u00e2ce \u00e0 nos conseils d'experts. Exploitez tout le potentiel de WordPress gr\u00e2ce \u00e0 notre page FAQ informative.<\/p>","protected":false},"author":1,"featured_media":0,"parent":0,"menu_order":0,"comment_status":"closed","ping_status":"closed","template":"","meta":{"inline_featured_image":false,"footnotes":""},"categories":[],"tags":[91,2523,5107,5105,5103,5104,5106,2507,4935,5102],"services":[],"class_list":["post-6157","page","type-page","status-publish","hentry","tag-solutions","tag-assistance","tag-common-concerns","tag-customer-inquiries","tag-frequently-asked-questions","tag-help-center","tag-queries","tag-support","tag-troubleshooting","tag-wordpress-faq"],"_links":{"self":[{"href":"https:\/\/hudutech.com\/fr\/wp-json\/wp\/v2\/pages\/6157","targetHints":{"allow":["GET"]}}],"collection":[{"href":"https:\/\/hudutech.com\/fr\/wp-json\/wp\/v2\/pages"}],"about":[{"href":"https:\/\/hudutech.com\/fr\/wp-json\/wp\/v2\/types\/page"}],"author":[{"embeddable":true,"href":"https:\/\/hudutech.com\/fr\/wp-json\/wp\/v2\/users\/1"}],"replies":[{"embeddable":true,"href":"https:\/\/hudutech.com\/fr\/wp-json\/wp\/v2\/comments?post=6157"}],"version-history":[{"count":3,"href":"https:\/\/hudutech.com\/fr\/wp-json\/wp\/v2\/pages\/6157\/revisions"}],"predecessor-version":[{"id":6162,"href":"https:\/\/hudutech.com\/fr\/wp-json\/wp\/v2\/pages\/6157\/revisions\/6162"}],"wp:attachment":[{"href":"https:\/\/hudutech.com\/fr\/wp-json\/wp\/v2\/media?parent=6157"}],"wp:term":[{"taxonomy":"category","embeddable":true,"href":"https:\/\/hudutech.com\/fr\/wp-json\/wp\/v2\/categories?post=6157"},{"taxonomy":"post_tag","embeddable":true,"href":"https:\/\/hudutech.com\/fr\/wp-json\/wp\/v2\/tags?post=6157"},{"taxonomy":"services","embeddable":true,"href":"https:\/\/hudutech.com\/fr\/wp-json\/wp\/v2\/services?post=6157"}],"curies":[{"name":"wp","href":"https:\/\/api.w.org\/{rel}","templated":true}]}}