{"id":6157,"date":"2025-05-22T11:44:12","date_gmt":"2025-05-22T08:44:12","guid":{"rendered":"https:\/\/hudutech.com\/?page_id=6157"},"modified":"2025-05-22T11:44:22","modified_gmt":"2025-05-22T08:44:22","slug":"faq","status":"publish","type":"page","link":"https:\/\/hudutech.com\/es\/faq\/","title":{"rendered":"PREGUNTAS FRECUENTES"},"content":{"rendered":"","protected":false},"excerpt":{"rendered":"<p>Descubre todo lo que necesitas saber sobre WordPress con nuestra p\u00e1gina de preguntas frecuentes. Desde la soluci\u00f3n de problemas comunes hasta c\u00f3mo personalizar tu sitio web, nuestra secci\u00f3n de preguntas frecuentes es el recurso definitivo para todo lo relacionado con WordPress. Nuestra p\u00e1gina de preguntas frecuentes, completa y f\u00e1cil de navegar, lo cubre todo, desde plugins y temas hasta seguridad y actualizaciones. Obt\u00e9n respuestas a todas tus preguntas y lleva tu sitio web al siguiente nivel con nuestros consejos y sugerencias de expertos. Descubre todo el potencial de WordPress con nuestra p\u00e1gina de preguntas frecuentes.<\/p>","protected":false},"author":1,"featured_media":0,"parent":0,"menu_order":0,"comment_status":"closed","ping_status":"closed","template":"","meta":{"inline_featured_image":false,"footnotes":""},"categories":[],"tags":[91,2523,5107,5105,5103,5104,5106,2507,4935,5102],"services":[],"class_list":["post-6157","page","type-page","status-publish","hentry","tag-solutions","tag-assistance","tag-common-concerns","tag-customer-inquiries","tag-frequently-asked-questions","tag-help-center","tag-queries","tag-support","tag-troubleshooting","tag-wordpress-faq"],"_links":{"self":[{"href":"https:\/\/hudutech.com\/es\/wp-json\/wp\/v2\/pages\/6157","targetHints":{"allow":["GET"]}}],"collection":[{"href":"https:\/\/hudutech.com\/es\/wp-json\/wp\/v2\/pages"}],"about":[{"href":"https:\/\/hudutech.com\/es\/wp-json\/wp\/v2\/types\/page"}],"author":[{"embeddable":true,"href":"https:\/\/hudutech.com\/es\/wp-json\/wp\/v2\/users\/1"}],"replies":[{"embeddable":true,"href":"https:\/\/hudutech.com\/es\/wp-json\/wp\/v2\/comments?post=6157"}],"version-history":[{"count":3,"href":"https:\/\/hudutech.com\/es\/wp-json\/wp\/v2\/pages\/6157\/revisions"}],"predecessor-version":[{"id":6162,"href":"https:\/\/hudutech.com\/es\/wp-json\/wp\/v2\/pages\/6157\/revisions\/6162"}],"wp:attachment":[{"href":"https:\/\/hudutech.com\/es\/wp-json\/wp\/v2\/media?parent=6157"}],"wp:term":[{"taxonomy":"category","embeddable":true,"href":"https:\/\/hudutech.com\/es\/wp-json\/wp\/v2\/categories?post=6157"},{"taxonomy":"post_tag","embeddable":true,"href":"https:\/\/hudutech.com\/es\/wp-json\/wp\/v2\/tags?post=6157"},{"taxonomy":"services","embeddable":true,"href":"https:\/\/hudutech.com\/es\/wp-json\/wp\/v2\/services?post=6157"}],"curies":[{"name":"wp","href":"https:\/\/api.w.org\/{rel}","templated":true}]}}