{"id":2924,"date":"2023-03-03T12:50:05","date_gmt":"2023-03-03T09:50:05","guid":{"rendered":"https:\/\/hudutech.com\/hudutech-ticket-2\/"},"modified":"2025-05-22T11:28:22","modified_gmt":"2025-05-22T08:28:22","slug":"billete-hudutech-2","status":"publish","type":"page","link":"https:\/\/hudutech.com\/es\/billete-hudutech-2\/","title":{"rendered":"Billete Hudutech"},"content":{"rendered":"<p>[wsdesk_support display=\u201dcheck_request\u201d]<\/p>","protected":false},"excerpt":{"rendered":"<p>Mejore el servicio al cliente y agilice la gesti\u00f3n de tickets con Hudutech Ticket. Este potente plugin de WordPress ofrece una integraci\u00f3n perfecta con su sitio web, lo que le permite crear f\u00e1cilmente y realizar un seguimiento de los tickets para todas las consultas de los clientes. Con formularios de tickets personalizables, notificaciones autom\u00e1ticas y una interfaz f\u00e1cil de usar, Hudutech Ticket simplifica el proceso de atenci\u00f3n al cliente, ahorr\u00e1ndole tiempo y mejorando la experiencia general de sus clientes. Lleve su servicio de atenci\u00f3n al cliente al siguiente nivel con Hudutech Ticket.<\/p>","protected":false},"author":1,"featured_media":0,"parent":0,"menu_order":0,"comment_status":"closed","ping_status":"closed","template":"","meta":{"inline_featured_image":false,"footnotes":""},"categories":[],"tags":[4952,4858,4940,246,4954,4932,4945,4942,4935,4953],"services":[],"class_list":["post-2924","page","type-page","status-publish","hentry","tag-customer-support","tag-help-desk","tag-hudutech-ticket","tag-it-solutions","tag-problem-resolution","tag-tech-support","tag-ticket-management","tag-ticketing-system","tag-troubleshooting","tag-user-issues"],"_links":{"self":[{"href":"https:\/\/hudutech.com\/es\/wp-json\/wp\/v2\/pages\/2924","targetHints":{"allow":["GET"]}}],"collection":[{"href":"https:\/\/hudutech.com\/es\/wp-json\/wp\/v2\/pages"}],"about":[{"href":"https:\/\/hudutech.com\/es\/wp-json\/wp\/v2\/types\/page"}],"author":[{"embeddable":true,"href":"https:\/\/hudutech.com\/es\/wp-json\/wp\/v2\/users\/1"}],"replies":[{"embeddable":true,"href":"https:\/\/hudutech.com\/es\/wp-json\/wp\/v2\/comments?post=2924"}],"version-history":[{"count":2,"href":"https:\/\/hudutech.com\/es\/wp-json\/wp\/v2\/pages\/2924\/revisions"}],"predecessor-version":[{"id":6124,"href":"https:\/\/hudutech.com\/es\/wp-json\/wp\/v2\/pages\/2924\/revisions\/6124"}],"wp:attachment":[{"href":"https:\/\/hudutech.com\/es\/wp-json\/wp\/v2\/media?parent=2924"}],"wp:term":[{"taxonomy":"category","embeddable":true,"href":"https:\/\/hudutech.com\/es\/wp-json\/wp\/v2\/categories?post=2924"},{"taxonomy":"post_tag","embeddable":true,"href":"https:\/\/hudutech.com\/es\/wp-json\/wp\/v2\/tags?post=2924"},{"taxonomy":"services","embeddable":true,"href":"https:\/\/hudutech.com\/es\/wp-json\/wp\/v2\/services?post=2924"}],"curies":[{"name":"wp","href":"https:\/\/api.w.org\/{rel}","templated":true}]}}